{"id":2,"date":"2016-05-10T03:48:21","date_gmt":"2016-05-10T03:48:21","guid":{"rendered":"https:\/\/www.stiftung-rosenau.ch\/?page_id=2"},"modified":"2025-12-01T18:59:23","modified_gmt":"2025-12-01T18:59:23","slug":"sample-page","status":"publish","type":"page","link":"https:\/\/www.stiftung-rosenau.ch\/","title":{"rendered":"Stiftung Rosenau"},"content":{"rendered":"\n<p><br>Die Stiftung Rosenau unterst\u00fctzt Anliegen der sozialen F\u00fcrsorge, F\u00f6rderung oder Integration in der Schweiz und im Ausland sowie Anliegen im Geiste der christlichen Lehre und Auffassung. Sie verfolgt ihren Zweck indem sie Wohnraum f\u00fcr \u00e4ltere Menschen erstellt und Ausbildungs- sowie F\u00f6rderungsprogramme unterst\u00fctzt.<\/p>\n\n\n\n<div style=\"height:20px\" aria-hidden=\"true\" class=\"wp-block-spacer\"><\/div>\n\n\n\n<h2 class=\"wp-block-heading\">Geschichte<\/h2>\n\n\n\n<p>Die Stiftung Rosenau wurde 1971 von Frau Dr. med. Elsbeth Reinle gegr\u00fcndet mit dem Zweck, ein Alters- und Pflegeheim im Geiste der r\u00f6misch-katholischen Lehre und Auffassung zu f\u00fchren. Dies erfolgte vor dem Hintergrund einer damals nur knapp vorhandenen geriatrischen Infrastruktur.<\/p>\n\n\n\n<p>1980 kaufte die Stiftung dank der von der Stifterin zur Verf\u00fcgung gestellten Mittel das direkt an der Limmat gelegene damalige Hotel Jura in Ennetbaden, renovierte und baute es in das Alters- und Pflegeheim Rosenau um. Dank der im Haus befindlichen Kapelle und einem katholischen Priester wurde der seelsorgerische Auftrag der Stiftung erf\u00fcllt.<\/p>\n\n\n\n<p>Das APH Rosenau hatte ca. 30 Pflegepl\u00e4tze, und wurde bis Ende 2014 von der Stiftung Rosenau als Tr\u00e4gerin auf gemeinn\u00fctziger Basis gef\u00fchrt. Anschliessend f\u00fchrte die Bethesda Alterszentren AG den Betrieb des APH Rosenau f\u00fcr zehn Jahre bis Ende 2024.<\/p>\n\n\n\n<div style=\"height:20px\" aria-hidden=\"true\" class=\"wp-block-spacer\"><\/div>\n\n\n\n<h2 class=\"wp-block-heading\">Alterswohnungen in der Rosenau<\/h2>\n\n\n\n<p>Im M\u00e4rz 2025 startete die grundlegende Renovation unseres am verkehrsberuhigten Postplatz in Ennetbaden gelegenen Hauses. Die Pflegezimmer der Rosenau werden in 11 sch\u00f6ne Alterswohnungen und einen Gewerbeteil im Erdgeschoss umgebaut.<\/p>\n\n\n\n<figure class=\"wp-block-image size-large\"><img loading=\"lazy\" decoding=\"async\" width=\"819\" height=\"1024\" src=\"https:\/\/www.stiftung-rosenau.ch\/wp-content\/uploads\/2025\/04\/250325_Rosenau_Ennetbaden_02_Gasse_HIRES_01-819x1024.jpeg\" alt=\"\" class=\"wp-image-14\" srcset=\"https:\/\/www.stiftung-rosenau.ch\/wp-content\/uploads\/2025\/04\/250325_Rosenau_Ennetbaden_02_Gasse_HIRES_01-819x1024.jpeg 819w, https:\/\/www.stiftung-rosenau.ch\/wp-content\/uploads\/2025\/04\/250325_Rosenau_Ennetbaden_02_Gasse_HIRES_01-240x300.jpeg 240w, https:\/\/www.stiftung-rosenau.ch\/wp-content\/uploads\/2025\/04\/250325_Rosenau_Ennetbaden_02_Gasse_HIRES_01-768x960.jpeg 768w, https:\/\/www.stiftung-rosenau.ch\/wp-content\/uploads\/2025\/04\/250325_Rosenau_Ennetbaden_02_Gasse_HIRES_01-1229x1536.jpeg 1229w, https:\/\/www.stiftung-rosenau.ch\/wp-content\/uploads\/2025\/04\/250325_Rosenau_Ennetbaden_02_Gasse_HIRES_01-1638x2048.jpeg 1638w, https:\/\/www.stiftung-rosenau.ch\/wp-content\/uploads\/2025\/04\/250325_Rosenau_Ennetbaden_02_Gasse_HIRES_01-scaled.jpeg 2048w\" sizes=\"auto, (max-width: 819px) 100vw, 819px\" \/><\/figure>\n\n\n\n<p>Projektiert sind stilvolle und ger\u00e4umige Zwei- und Dreizimmerwohnungen, die den Charm der wundersch\u00f6nen Rosenau aufnehmen. Fast alle Wohnungen werden \u00fcber Aussenr\u00e4ume (Balkone, eine Wohnung sogar \u00fcber eine grossz\u00fcgige Terrasse) verf\u00fcgen.<\/p>\n\n\n\n<figure class=\"wp-block-image size-large\"><img loading=\"lazy\" decoding=\"async\" width=\"819\" height=\"1024\" src=\"https:\/\/www.stiftung-rosenau.ch\/wp-content\/uploads\/2025\/04\/250325_Rosenau_Ennetbaden_01_Bruecke_HIRES_01-819x1024.jpeg\" alt=\"\" class=\"wp-image-15\" srcset=\"https:\/\/www.stiftung-rosenau.ch\/wp-content\/uploads\/2025\/04\/250325_Rosenau_Ennetbaden_01_Bruecke_HIRES_01-819x1024.jpeg 819w, https:\/\/www.stiftung-rosenau.ch\/wp-content\/uploads\/2025\/04\/250325_Rosenau_Ennetbaden_01_Bruecke_HIRES_01-240x300.jpeg 240w, https:\/\/www.stiftung-rosenau.ch\/wp-content\/uploads\/2025\/04\/250325_Rosenau_Ennetbaden_01_Bruecke_HIRES_01-768x960.jpeg 768w, https:\/\/www.stiftung-rosenau.ch\/wp-content\/uploads\/2025\/04\/250325_Rosenau_Ennetbaden_01_Bruecke_HIRES_01-1229x1536.jpeg 1229w, https:\/\/www.stiftung-rosenau.ch\/wp-content\/uploads\/2025\/04\/250325_Rosenau_Ennetbaden_01_Bruecke_HIRES_01-1638x2048.jpeg 1638w, https:\/\/www.stiftung-rosenau.ch\/wp-content\/uploads\/2025\/04\/250325_Rosenau_Ennetbaden_01_Bruecke_HIRES_01-scaled.jpeg 2048w\" sizes=\"auto, (max-width: 819px) 100vw, 819px\" \/><\/figure>\n\n\n\n<p>Gem\u00e4ss dem Bauplan sollen die Wohnungen der in frischem Glanz erstrahlenden Rosenau im vierten Quartal 2026 bezugsbereit sein.<\/p>\n\n\n\n<div style=\"height:20px\" aria-hidden=\"true\" class=\"wp-block-spacer\"><\/div>\n\n\n\n<h2 class=\"wp-block-heading\">Informationen zu den Wohnungen<\/h2>\n\n\n\n<p>Die Wohnungsgr\u00f6ssen, Grundrisse und Preise stellen sich wie folgt dar:<\/p>\n\n\n\n<figure class=\"wp-block-image size-large\"><img loading=\"lazy\" decoding=\"async\" width=\"1024\" height=\"569\" src=\"https:\/\/www.stiftung-rosenau.ch\/wp-content\/uploads\/2025\/12\/Rosenau-Flyer-1024x569.png\" alt=\"\" class=\"wp-image-79\" srcset=\"https:\/\/www.stiftung-rosenau.ch\/wp-content\/uploads\/2025\/12\/Rosenau-Flyer-1024x569.png 1024w, https:\/\/www.stiftung-rosenau.ch\/wp-content\/uploads\/2025\/12\/Rosenau-Flyer-300x167.png 300w, https:\/\/www.stiftung-rosenau.ch\/wp-content\/uploads\/2025\/12\/Rosenau-Flyer-768x427.png 768w, https:\/\/www.stiftung-rosenau.ch\/wp-content\/uploads\/2025\/12\/Rosenau-Flyer-1536x854.png 1536w, https:\/\/www.stiftung-rosenau.ch\/wp-content\/uploads\/2025\/12\/Rosenau-Flyer-2048x1138.png 2048w\" sizes=\"auto, (max-width: 1024px) 100vw, 1024px\" \/><\/figure>\n\n\n\n<div class=\"wp-block-file\"><a id=\"wp-block-file--media-ac8e99db-f354-47bc-b022-8bfb058cb6ba\" href=\"https:\/\/www.stiftung-rosenau.ch\/wp-content\/uploads\/2025\/11\/Rosenau-Flyer.pdf\" target=\"_blank\" rel=\"noreferrer noopener\">Rosenau Flyer<\/a><a href=\"https:\/\/www.stiftung-rosenau.ch\/wp-content\/uploads\/2025\/11\/Rosenau-Flyer.pdf\" class=\"wp-block-file__button wp-element-button\" download aria-describedby=\"wp-block-file--media-ac8e99db-f354-47bc-b022-8bfb058cb6ba\">Herunterladen<\/a><\/div>\n\n\n\n<div style=\"height:20px\" aria-hidden=\"true\" class=\"wp-block-spacer\"><\/div>\n\n\n\n<p>2.5 Zimmer Wohnung Nr. 001 im EG \u2013 <a href=\"https:\/\/drive.google.com\/file\/d\/1q2M-2TyntZQY24YayHO-1tRFRCky5uNZ\/view\">Vermietungsplan<\/a>&nbsp;<\/p>\n\n\n\n<p>2.5 Zimmer Wohnung Nr. 101 im 1. OG \u2013 <a href=\"https:\/\/drive.google.com\/file\/d\/1l4fN6ul4Lluk8svpWHGUdGa0gMxbit00\/view\">Vermietungsplan<\/a><\/p>\n\n\n\n<p>3.5 Zimmer Wohnung Nr. 102 im 1. OG\u2013 <a href=\"https:\/\/drive.google.com\/file\/d\/1mPwP6L7LyAD_HRFSa-UciTd_GI-abGHg\/view\">Vermietungsplan<\/a><\/p>\n\n\n\n<p>2.5 Zimmer Wohnung Nr. 103 im 1. OG \u2013 <a href=\"https:\/\/drive.google.com\/file\/d\/1a6EU7036Ckde26bBvuaA7rNl6x6p8iJB\/view\">Vermietungsplan<\/a><\/p>\n\n\n\n<p>2.5 Zimmer Wohnung Nr. 201 im 2. OG \u2013 <a href=\"https:\/\/drive.google.com\/file\/d\/1jdMy9cdvdbOVh84qWCMWnOQRqyl62LYv\/view\">Vermietungsplan<\/a><\/p>\n\n\n\n<p>3.5 Zimmer Wohnung Nr. 202 im 2. OG \u2013 <a href=\"https:\/\/drive.google.com\/file\/d\/10kXSml2isFmJhFGeAP9-qoWHg_v27vsk\/view\">Vermietungsplan<\/a><\/p>\n\n\n\n<p>2.5 Zimmer Wohnung Nr. 203 im 2. OG \u2013 <a href=\"https:\/\/drive.google.com\/file\/d\/1lFHmQ3aDlC_d3od10wV5_E1zuhpfVOlP\/view\">Vermietungsplan<\/a><\/p>\n\n\n\n<p>2.5 Zimmer Wohnung Nr. 301 im 3. OG \u2013 <a href=\"https:\/\/drive.google.com\/file\/d\/1AL69O7E8fF-Wx05BHQT7Y-y4ntvBzCK0\/view\">Vermietungsplan<\/a><\/p>\n\n\n\n<p>2.5 Zimmer Wohnung Nr. 302 im 3. OG \u2013 <a href=\"https:\/\/drive.google.com\/file\/d\/1mb1jEAXsYuQ2VJmTVZh1LMpwsdg_3Qsu\/view\">Vermietungsplan<\/a><\/p>\n\n\n\n<p>2.5 Zimmer Wohnung Nr. 303 im 3. OG \u2013 <a href=\"https:\/\/drive.google.com\/file\/d\/1BosDIQQPfIVJcJViuSPRLx_JkOxltQH8\/view\">Vermietungsplan<\/a><\/p>\n\n\n\n<p>2.5 Zimmer Wohnung Nr. 401 im 4. OG \u2013 <a href=\"https:\/\/drive.google.com\/file\/d\/1b8g9P-35TkVxzxC1sb9NnXfCCQANOoAR\/view\">Vermietungsplan<\/a><\/p>\n\n\n\n<p>Die Wohnungen sind ausgestattet mit Glaskeramikherd, Backofen, Geschirrsp\u00fcler, schwellenlos zug\u00e4ngliche Dusche, Waschmaschine\/Tumbler (Ausnahmen Wohnungen Nr. 001 und 401: Waschk\u00fcche im Keller), Keller- bzw. Estrichraum. Abstellpl\u00e4tze f\u00fcr (Elektro-) Velos. Alle Etagen sind zug\u00e4nglich \u00fcber Treppe und Lift.<\/p>\n\n\n\n<p>Interessentinnen und Interessenten k\u00f6nnen sich gerne bei der Stiftung melden.<\/p>\n\n\n\n<div style=\"height:20px\" aria-hidden=\"true\" class=\"wp-block-spacer\"><\/div>\n\n\n\n<h2 class=\"wp-block-heading\">Kontakt<\/h2>\n\n\n\n<p>mail@stiftung-rosenau.ch <\/p>\n\n\n\n<p>Stiftung Rosenau<br>c\/o Dr. Jodok Wicki<br>Sonnenbergstrasse 27<br>CH-5408 Ennetbaden<\/p>\n\n\n\n<div style=\"height:20px\" aria-hidden=\"true\" class=\"wp-block-spacer\"><\/div>\n\n\n\n<h2 class=\"wp-block-heading\">Stiftungsrat<\/h2>\n\n\n\n<p>Der Stiftungsrat der Stiftung Rosenau setzt sich wie folgt zusammen:<\/p>\n\n\n\n<p>Dr. Elsbeth Reinle, Stifterin und Ehrenpr\u00e4sidentin<\/p>\n\n\n\n<p>Dr. Jodok Wicki, Pr\u00e4sident<\/p>\n\n\n\n<p>Martin Biffiger, Mitglied<\/p>\n\n\n\n<p>Dr. Anton Scherer, Mitglied<\/p>\n\n\n\n<p>Dr. Peter Candidus Stocker, Mitglied<\/p>\n\n\n\n<p>Berenice Wicki, Mitglied<\/p>\n\n\n\n<div style=\"height:60px\" aria-hidden=\"true\" class=\"wp-block-spacer\"><\/div>\n\n\n\n<figure class=\"wp-block-image size-large is-resized\"><img loading=\"lazy\" decoding=\"async\" width=\"1024\" height=\"1018\" src=\"https:\/\/www.stiftung-rosenau.ch\/wp-content\/uploads\/2025\/04\/Logo-Rosenau-Quadrat-3-1024x1018.jpg\" alt=\"\" class=\"wp-image-20\" style=\"width:313px;height:auto\" srcset=\"https:\/\/www.stiftung-rosenau.ch\/wp-content\/uploads\/2025\/04\/Logo-Rosenau-Quadrat-3-1024x1018.jpg 1024w, https:\/\/www.stiftung-rosenau.ch\/wp-content\/uploads\/2025\/04\/Logo-Rosenau-Quadrat-3-300x298.jpg 300w, https:\/\/www.stiftung-rosenau.ch\/wp-content\/uploads\/2025\/04\/Logo-Rosenau-Quadrat-3-150x150.jpg 150w, https:\/\/www.stiftung-rosenau.ch\/wp-content\/uploads\/2025\/04\/Logo-Rosenau-Quadrat-3-768x764.jpg 768w, https:\/\/www.stiftung-rosenau.ch\/wp-content\/uploads\/2025\/04\/Logo-Rosenau-Quadrat-3.jpg 1448w\" sizes=\"auto, (max-width: 1024px) 100vw, 1024px\" \/><\/figure>\n","protected":false},"excerpt":{"rendered":"<p>Die Stiftung Rosenau unterst\u00fctzt Anliegen der sozialen F\u00fcrsorge, F\u00f6rderung oder Integration in der Schweiz und im Ausland sowie Anliegen im Geiste der christlichen Lehre und Auffassung. Sie verfolgt ihren Zweck indem sie Wohnraum f\u00fcr \u00e4ltere Menschen erstellt und Ausbildungs- sowie F\u00f6rderungsprogramme unterst\u00fctzt. Geschichte Die Stiftung Rosenau wurde 1971 von Frau Dr. med. Elsbeth Reinle gegr\u00fcndet [&hellip;]<\/p>\n","protected":false},"author":1,"featured_media":0,"parent":0,"menu_order":0,"comment_status":"closed","ping_status":"open","template":"","meta":{"footnotes":""},"class_list":["post-2","page","type-page","status-publish","hentry"],"_links":{"self":[{"href":"https:\/\/www.stiftung-rosenau.ch\/index.php?rest_route=\/wp\/v2\/pages\/2","targetHints":{"allow":["GET"]}}],"collection":[{"href":"https:\/\/www.stiftung-rosenau.ch\/index.php?rest_route=\/wp\/v2\/pages"}],"about":[{"href":"https:\/\/www.stiftung-rosenau.ch\/index.php?rest_route=\/wp\/v2\/types\/page"}],"author":[{"embeddable":true,"href":"https:\/\/www.stiftung-rosenau.ch\/index.php?rest_route=\/wp\/v2\/users\/1"}],"replies":[{"embeddable":true,"href":"https:\/\/www.stiftung-rosenau.ch\/index.php?rest_route=%2Fwp%2Fv2%2Fcomments&post=2"}],"version-history":[{"count":29,"href":"https:\/\/www.stiftung-rosenau.ch\/index.php?rest_route=\/wp\/v2\/pages\/2\/revisions"}],"predecessor-version":[{"id":82,"href":"https:\/\/www.stiftung-rosenau.ch\/index.php?rest_route=\/wp\/v2\/pages\/2\/revisions\/82"}],"wp:attachment":[{"href":"https:\/\/www.stiftung-rosenau.ch\/index.php?rest_route=%2Fwp%2Fv2%2Fmedia&parent=2"}],"curies":[{"name":"wp","href":"https:\/\/api.w.org\/{rel}","templated":true}]}}